{"id":74,"date":"2015-11-27T13:42:52","date_gmt":"2015-11-27T16:42:52","guid":{"rendered":"http:\/\/rosepepe.com.br\/acquerello\/?page_id=74"},"modified":"2017-12-03T17:22:16","modified_gmt":"2017-12-03T20:22:16","slug":"layouts","status":"publish","type":"page","link":"https:\/\/rosepepe.com.br\/acquerello\/layouts\/","title":{"rendered":"LAYOUTS"},"content":{"rendered":"<div class=\"fusion-fullwidth fullwidth-box fusion-builder-row-1 nonhundred-percent-fullwidth non-hundred-percent-height-scrolling\" style=\"--awb-background-position:left top;--awb-border-radius-top-left:0px;--awb-border-radius-top-right:0px;--awb-border-radius-bottom-right:0px;--awb-border-radius-bottom-left:0px;--awb-padding-top:20px;--awb-padding-bottom:20px;--awb-border-sizes-top:0px;--awb-border-sizes-bottom:0px;--awb-flex-wrap:wrap;\" ><div class=\"fusion-builder-row fusion-row\"><div class=\"fusion-layout-column fusion_builder_column fusion-builder-column-0 fusion_builder_column_1_1 1_1 fusion-one-full fusion-column-first fusion-column-last fusion-column-no-min-height\" style=\"--awb-bg-size:cover;--awb-margin-bottom:0px;\"><div class=\"fusion-column-wrapper fusion-flex-column-wrapper-legacy\"><div class=\"fusion-image-carousel fusion-image-carousel-auto fusion-image-carousel-1 lightbox-enabled fusion-carousel-border\"><div class=\"awb-carousel awb-swiper awb-swiper-carousel awb-swiper-dots-position-bottom awb-carousel--carousel\" data-layout=\"carousel\" data-autoplay=\"no\" data-autoplayspeed=\"2500\" data-autoplaypause=\"no\" data-columns=\"4\" data-itemmargin=\"20\" data-itemwidth=\"180\" data-touchscroll=\"no\" data-freemode=\"no\" data-imagesize=\"auto\" data-scrollitems=\"0\" data-centeredslides=\"no\" data-rotationangle=\"50\" data-depth=\"100\" data-speed=\"500\" data-shadow=\"no\" style=\"--awb-columns:4;--awb-column-spacing:20px;--awb-border-width:1px;--awb-border-color:#e9eaee;\"><div class=\"swiper-wrapper awb-image-carousel-wrapper fusion-flex-align-items-center\"><div class=\"swiper-slide\"><div class=\"fusion-carousel-item-wrapper\"><div class=\"fusion-image-wrapper hover-type-zoomin\"><a data-rel=\"iLightbox[image_carousel_1]\" href=\"http:\/\/rosepepe.com.br\/acquerello\/wp-content\/uploads\/2015\/12\/layouts_as_semanas_1922.jpg\" target=\"_self\"><img decoding=\"async\" src=\"http:\/\/rosepepe.com.br\/acquerello\/wp-content\/uploads\/2015\/12\/layouts_10_Anos_ROSE_PEPE_DESIGN.jpg\" alt=\"10 Anos ROSE PEPE DESIGN\"\/><\/a><\/div><\/div><\/div><div class=\"swiper-slide\"><div class=\"fusion-carousel-item-wrapper\"><div class=\"fusion-image-wrapper hover-type-zoomin\"><a data-rel=\"iLightbox[image_carousel_1]\" href=\"http:\/\/rosepepe.com.br\/acquerello\/wp-content\/uploads\/2015\/12\/layouts_60_anos_tv.jpg\" target=\"_self\"><img decoding=\"async\" src=\"http:\/\/rosepepe.com.br\/acquerello\/wp-content\/uploads\/2015\/12\/layouts_60_anos_tv.jpg\" alt=\"60 anos TV\"\/><\/a><\/div><\/div><\/div><div class=\"swiper-slide\"><div class=\"fusion-carousel-item-wrapper\"><div class=\"fusion-image-wrapper hover-type-zoomin\"><a data-rel=\"iLightbox[image_carousel_1]\" href=\"http:\/\/rosepepe.com.br\/acquerello\/wp-content\/uploads\/2015\/12\/layouts_anuario_viva_musica.jpg\" target=\"_self\"><img decoding=\"async\" src=\"http:\/\/rosepepe.com.br\/acquerello\/wp-content\/uploads\/2015\/12\/layouts_anuario_viva_musica.jpg\" alt=\"Anu\u00e1rio Viva M\u00fasica\"\/><\/a><\/div><\/div><\/div><div class=\"swiper-slide\"><div class=\"fusion-carousel-item-wrapper\"><div class=\"fusion-image-wrapper hover-type-zoomin\"><a data-rel=\"iLightbox[image_carousel_1]\" href=\"http:\/\/rosepepe.com.br\/acquerello\/wp-content\/uploads\/2015\/12\/layouts_anuario_viva_musica_2006.jpg\" target=\"_self\"><img decoding=\"async\" src=\"http:\/\/rosepepe.com.br\/acquerello\/wp-content\/uploads\/2015\/12\/layouts_anuario_viva_musica_2006.jpg\" alt=\"Anu\u00e1rio Viva M\u00fasica 2006\"\/><\/a><\/div><\/div><\/div><div class=\"swiper-slide\"><div class=\"fusion-carousel-item-wrapper\"><div class=\"fusion-image-wrapper hover-type-zoomin\"><a data-rel=\"iLightbox[image_carousel_1]\" href=\"http:\/\/rosepepe.com.br\/acquerello\/wp-content\/uploads\/2015\/12\/layouts_arte_cd_FUMBEL.jpg\" target=\"_self\"><img decoding=\"async\" src=\"http:\/\/rosepepe.com.br\/acquerello\/wp-content\/uploads\/2015\/12\/layouts_arte_cd_FUMBEL.jpg\" alt=\" CD FUMBEL\"\/><\/a><\/div><\/div><\/div><div class=\"swiper-slide\"><div class=\"fusion-carousel-item-wrapper\"><div class=\"fusion-image-wrapper hover-type-zoomin\"><a data-rel=\"iLightbox[image_carousel_1]\" href=\"http:\/\/rosepepe.com.br\/acquerello\/wp-content\/uploads\/2015\/12\/layouts_as_semanas_1922.jpg\" target=\"_self\"><img decoding=\"async\" src=\"http:\/\/rosepepe.com.br\/acquerello\/wp-content\/uploads\/2015\/12\/layouts_as_semanas_1922.jpg\" alt=\"As Semanas de 1922\"\/><\/a><\/div><\/div><\/div><div class=\"swiper-slide\"><div class=\"fusion-carousel-item-wrapper\"><div class=\"fusion-image-wrapper hover-type-zoomin\"><a data-rel=\"iLightbox[image_carousel_1]\" href=\"http:\/\/rosepepe.com.br\/acquerello\/wp-content\/uploads\/2015\/12\/layouts_brasil_funtelpa.jpg\" target=\"_self\"><img decoding=\"async\" src=\"http:\/\/rosepepe.com.br\/acquerello\/wp-content\/uploads\/2015\/12\/layouts_brasil_funtelpa.jpg\" alt=\"Brasil Funtelpa\"\/><\/a><\/div><\/div><\/div><div class=\"swiper-slide\"><div class=\"fusion-carousel-item-wrapper\"><div class=\"fusion-image-wrapper hover-type-zoomin\"><a data-rel=\"iLightbox[image_carousel_1]\" href=\"http:\/\/rosepepe.com.br\/acquerello\/wp-content\/uploads\/2015\/12\/layouts_capa_caderninho_Museus_Estado_SP.jpg\" target=\"_self\"><img decoding=\"async\" src=\"http:\/\/rosepepe.com.br\/acquerello\/wp-content\/uploads\/2015\/12\/layouts_capa_caderninho_Museus_Estado_SP.jpg\" alt=\"Capa Caderninho Museus do Estado de SP\"\/><\/a><\/div><\/div><\/div><div class=\"swiper-slide\"><div class=\"fusion-carousel-item-wrapper\"><div class=\"fusion-image-wrapper hover-type-zoomin\"><a data-rel=\"iLightbox[image_carousel_1]\" href=\"http:\/\/rosepepe.com.br\/acquerello\/wp-content\/uploads\/2015\/12\/layouts_capa_livro_MONTAGEM_EXPOSICOES.jpg\" target=\"_self\"><img decoding=\"async\" src=\"http:\/\/rosepepe.com.br\/acquerello\/wp-content\/uploads\/2015\/12\/layouts_capa_livro_MONTAGEM_EXPOSICOES.jpg\" alt=\"Capa do livro Exposi\u00e7\u00e3o: materiais e t\u00e9cnicas de montagem\"\/><\/a><\/div><\/div><\/div><div class=\"swiper-slide\"><div class=\"fusion-carousel-item-wrapper\"><div class=\"fusion-image-wrapper hover-type-zoomin\"><a data-rel=\"iLightbox[image_carousel_1]\" href=\"http:\/\/rosepepe.com.br\/acquerello\/wp-content\/uploads\/2015\/12\/layouts_capa_revista_Armazem.jpg\" target=\"_self\"><img decoding=\"async\" src=\"http:\/\/rosepepe.com.br\/acquerello\/wp-content\/uploads\/2015\/12\/layouts_capa_revista_Armazem.jpg\" alt=\"Capa Revista Armaz\u00e9m da Arte\"\/><\/a><\/div><\/div><\/div><div class=\"swiper-slide\"><div class=\"fusion-carousel-item-wrapper\"><div class=\"fusion-image-wrapper hover-type-zoomin\"><a data-rel=\"iLightbox[image_carousel_1]\" href=\"http:\/\/rosepepe.com.br\/acquerello\/wp-content\/uploads\/2015\/12\/layouts_cartaz_JAZZ_SINFONICA_SP.jpg\" target=\"_self\"><img decoding=\"async\" src=\"http:\/\/rosepepe.com.br\/acquerello\/wp-content\/uploads\/2015\/12\/layouts_cartaz_JAZZ_SINFONICA_SP.jpg\" alt=\"Cartaz JAZZ SINF\u00d4NICA SP\"\/><\/a><\/div><\/div><\/div><div class=\"swiper-slide\"><div class=\"fusion-carousel-item-wrapper\"><div class=\"fusion-image-wrapper hover-type-zoomin\"><a data-rel=\"iLightbox[image_carousel_1]\" href=\"http:\/\/rosepepe.com.br\/acquerello\/wp-content\/uploads\/2015\/12\/layouts_CEAMAZON_boletim.jpg\" target=\"_self\"><img decoding=\"async\" src=\"http:\/\/rosepepe.com.br\/acquerello\/wp-content\/uploads\/2015\/12\/layouts_CEAMAZON_boletim.jpg\" alt=\"Boletim CEAMAZON\"\/><\/a><\/div><\/div><\/div><div class=\"swiper-slide\"><div class=\"fusion-carousel-item-wrapper\"><div class=\"fusion-image-wrapper hover-type-zoomin\"><a data-rel=\"iLightbox[image_carousel_1]\" href=\"http:\/\/rosepepe.com.br\/acquerello\/wp-content\/uploads\/2015\/12\/layouts_convite_Senhores_da_Terra.jpg\" target=\"_self\"><img decoding=\"async\" src=\"http:\/\/rosepepe.com.br\/acquerello\/wp-content\/uploads\/2015\/12\/layouts_convite_Senhores_da_Terra.jpg\" alt=\"Convite Senhores da Terra\"\/><\/a><\/div><\/div><\/div><div class=\"swiper-slide\"><div class=\"fusion-carousel-item-wrapper\"><div class=\"fusion-image-wrapper hover-type-zoomin\"><a data-rel=\"iLightbox[image_carousel_1]\" href=\"http:\/\/rosepepe.com.br\/acquerello\/wp-content\/uploads\/2015\/12\/layouts_cracha_II_conferencia_CULTURA.jpg\" target=\"_self\"><img decoding=\"async\" src=\"http:\/\/rosepepe.com.br\/acquerello\/wp-content\/uploads\/2015\/12\/layouts_cracha_II_conferencia_CULTURA.jpg\" alt=\"Crach\u00e1 II Confer\u00eancia Municipal de Cultura\"\/><\/a><\/div><\/div><\/div><div class=\"swiper-slide\"><div class=\"fusion-carousel-item-wrapper\"><div class=\"fusion-image-wrapper hover-type-zoomin\"><a data-rel=\"iLightbox[image_carousel_1]\" href=\"http:\/\/rosepepe.com.br\/acquerello\/wp-content\/uploads\/2015\/12\/layouts_dvd_catalendas_vol_6.jpg\" target=\"_self\"><img decoding=\"async\" src=\"http:\/\/rosepepe.com.br\/acquerello\/wp-content\/uploads\/2015\/12\/layouts_dvd_catalendas_vol_6.jpg\" alt=\"DVD Catalendas vol. 6\"\/><\/a><\/div><\/div><\/div><div class=\"swiper-slide\"><div class=\"fusion-carousel-item-wrapper\"><div class=\"fusion-image-wrapper hover-type-zoomin\"><a data-rel=\"iLightbox[image_carousel_1]\" href=\"http:\/\/rosepepe.com.br\/acquerello\/wp-content\/uploads\/2015\/12\/layouts_estadao_e-folha_sp_jazz_daniela.jpg\" target=\"_self\"><img decoding=\"async\" src=\"http:\/\/rosepepe.com.br\/acquerello\/wp-content\/uploads\/2015\/12\/layouts_estadao_e-folha_sp_jazz_daniela.jpg\" alt=\"Jornal O Estado de S\u00e3o Paulo e Folha de S\u00e3o Paulo - Jazz Sinf\u00f4nica convida Daniela Mercury\"\/><\/a><\/div><\/div><\/div><div class=\"swiper-slide\"><div class=\"fusion-carousel-item-wrapper\"><div class=\"fusion-image-wrapper hover-type-zoomin\"><a data-rel=\"iLightbox[image_carousel_1]\" href=\"http:\/\/rosepepe.com.br\/acquerello\/wp-content\/uploads\/2015\/12\/layouts_estadao_guia_lenine_2005.jpg\" target=\"_self\"><img decoding=\"async\" src=\"http:\/\/rosepepe.com.br\/acquerello\/wp-content\/uploads\/2015\/12\/layouts_estadao_guia_lenine_2005.jpg\" alt=\"Jornal O Estado de S\u00e3o Paulo - Jazz Sinf\u00f4nica convida Lenine (2005)\"\/><\/a><\/div><\/div><\/div><div class=\"swiper-slide\"><div class=\"fusion-carousel-item-wrapper\"><div class=\"fusion-image-wrapper hover-type-zoomin\"><a data-rel=\"iLightbox[image_carousel_1]\" href=\"http:\/\/rosepepe.com.br\/acquerello\/wp-content\/uploads\/2015\/12\/layouts_estadao_jazz_sinfonica.jpg\" target=\"_self\"><img decoding=\"async\" src=\"http:\/\/rosepepe.com.br\/acquerello\/wp-content\/uploads\/2015\/12\/layouts_estadao_jazz_sinfonica.jpg\" alt=\"Jornal O Estado de S\u00e3o Paulo - Jazz Sinf\u00f4nica\"\/><\/a><\/div><\/div><\/div><div class=\"swiper-slide\"><div class=\"fusion-carousel-item-wrapper\"><div class=\"fusion-image-wrapper hover-type-zoomin\"><a data-rel=\"iLightbox[image_carousel_1]\" href=\"http:\/\/rosepepe.com.br\/acquerello\/wp-content\/uploads\/2015\/12\/layouts_estadao_maria_rita.jpg\" target=\"_self\"><img decoding=\"async\" src=\"http:\/\/rosepepe.com.br\/acquerello\/wp-content\/uploads\/2015\/12\/layouts_estadao_maria_rita.jpg\" alt=\"Jornal O Estado de S\u00e3o Paulo - Maria Rita\"\/><\/a><\/div><\/div><\/div><div class=\"swiper-slide\"><div class=\"fusion-carousel-item-wrapper\"><div class=\"fusion-image-wrapper hover-type-zoomin\"><a data-rel=\"iLightbox[image_carousel_1]\" href=\"http:\/\/rosepepe.com.br\/acquerello\/wp-content\/uploads\/2015\/12\/layouts_estudos_Fadesp_20082.jpg\" target=\"_self\"><img decoding=\"async\" src=\"http:\/\/rosepepe.com.br\/acquerello\/wp-content\/uploads\/2015\/12\/layouts_estudos_Fadesp_20082.jpg\" alt=\"Estudos Fadesp 2008\"\/><\/a><\/div><\/div><\/div><div class=\"swiper-slide\"><div class=\"fusion-carousel-item-wrapper\"><div class=\"fusion-image-wrapper hover-type-zoomin\"><a data-rel=\"iLightbox[image_carousel_1]\" href=\"http:\/\/rosepepe.com.br\/acquerello\/wp-content\/uploads\/2015\/12\/layouts_estudos_Faqdesp_20081.jpg\" target=\"_self\"><img decoding=\"async\" src=\"http:\/\/rosepepe.com.br\/acquerello\/wp-content\/uploads\/2015\/12\/layouts_estudos_Faqdesp_20081.jpg\" alt=\"Estudos Fadesp 2008\"\/><\/a><\/div><\/div><\/div><div class=\"swiper-slide\"><div class=\"fusion-carousel-item-wrapper\"><div class=\"fusion-image-wrapper hover-type-zoomin\"><a data-rel=\"iLightbox[image_carousel_1]\" href=\"http:\/\/rosepepe.com.br\/acquerello\/wp-content\/uploads\/2015\/12\/layouts_FADESP_Belle_\u00c9poque.jpg\" target=\"_self\"><img decoding=\"async\" src=\"http:\/\/rosepepe.com.br\/acquerello\/wp-content\/uploads\/2015\/12\/layouts_FADESP_Belle_\u00c9poque.jpg\" alt=\"FADESP Belle \u00c9poque\"\/><\/a><\/div><\/div><\/div><div class=\"swiper-slide\"><div class=\"fusion-carousel-item-wrapper\"><div class=\"fusion-image-wrapper hover-type-zoomin\"><a data-rel=\"iLightbox[image_carousel_1]\" href=\"http:\/\/rosepepe.com.br\/acquerello\/wp-content\/uploads\/2015\/12\/layouts_folha_sp_caderno2_banda_cd_novo.jpg\" target=\"_self\"><img decoding=\"async\" src=\"http:\/\/rosepepe.com.br\/acquerello\/wp-content\/uploads\/2015\/12\/layouts_folha_sp_caderno2_banda_cd_novo.jpg\" alt=\"Folha de S\u00e3o Paulo - Caderno 2 - Fantasia Amaz\u00f4nica\"\/><\/a><\/div><\/div><\/div><div class=\"swiper-slide\"><div class=\"fusion-carousel-item-wrapper\"><div class=\"fusion-image-wrapper hover-type-zoomin\"><a data-rel=\"iLightbox[image_carousel_1]\" href=\"http:\/\/rosepepe.com.br\/acquerello\/wp-content\/uploads\/2015\/12\/layouts_folha_sp_caderno2_carmina.jpg\" target=\"_self\"><img decoding=\"async\" src=\"http:\/\/rosepepe.com.br\/acquerello\/wp-content\/uploads\/2015\/12\/layouts_folha_sp_caderno2_carmina.jpg\" alt=\"Folha de S\u00e3o Paulo - Caderno 2 - Carmina Burana\"\/><\/a><\/div><\/div><\/div><div class=\"swiper-slide\"><div class=\"fusion-carousel-item-wrapper\"><div class=\"fusion-image-wrapper hover-type-zoomin\"><a data-rel=\"iLightbox[image_carousel_1]\" href=\"http:\/\/rosepepe.com.br\/acquerello\/wp-content\/uploads\/2015\/12\/layouts_folha_sp_caderno2_gonzaga.jpg\" target=\"_self\"><img decoding=\"async\" src=\"http:\/\/rosepepe.com.br\/acquerello\/wp-content\/uploads\/2015\/12\/layouts_folha_sp_caderno2_gonzaga.jpg\" alt=\"Folha de S\u00e3o Paulo - Caderno 2 - Luiz Gonzaga Sinf\u00f4nico\"\/><\/a><\/div><\/div><\/div><div class=\"swiper-slide\"><div class=\"fusion-carousel-item-wrapper\"><div class=\"fusion-image-wrapper hover-type-zoomin\"><a data-rel=\"iLightbox[image_carousel_1]\" href=\"http:\/\/rosepepe.com.br\/acquerello\/wp-content\/uploads\/2015\/12\/layouts_folha_sp_caderno2_jazz-tatit.tif.jpg\" target=\"_self\"><img decoding=\"async\" src=\"http:\/\/rosepepe.com.br\/acquerello\/wp-content\/uploads\/2015\/12\/layouts_folha_sp_caderno2_jazz-tatit.tif.jpg\" alt=\"Folha de S\u00e3o Paulo - Caderno2 - Esbo\u00e7o de Tatit\"\/><\/a><\/div><\/div><\/div><div class=\"swiper-slide\"><div class=\"fusion-carousel-item-wrapper\"><div class=\"fusion-image-wrapper hover-type-zoomin\"><a data-rel=\"iLightbox[image_carousel_1]\" href=\"http:\/\/rosepepe.com.br\/acquerello\/wp-content\/uploads\/2015\/12\/layouts_folha_sp_caderno2_opera2005.jpg\" target=\"_self\"><img decoding=\"async\" src=\"http:\/\/rosepepe.com.br\/acquerello\/wp-content\/uploads\/2015\/12\/layouts_folha_sp_caderno2_opera2005.jpg\" alt=\"Folha de S\u00e3o Paulo - Caderno 2 - \u00d3pera 2005\"\/><\/a><\/div><\/div><\/div><div class=\"swiper-slide\"><div class=\"fusion-carousel-item-wrapper\"><div class=\"fusion-image-wrapper hover-type-zoomin\"><a data-rel=\"iLightbox[image_carousel_1]\" href=\"http:\/\/rosepepe.com.br\/acquerello\/wp-content\/uploads\/2015\/12\/layouts_guia_oesp_jazz_ithamara.jpg\" target=\"_self\"><img decoding=\"async\" src=\"http:\/\/rosepepe.com.br\/acquerello\/wp-content\/uploads\/2015\/12\/layouts_guia_oesp_jazz_ithamara.jpg\" alt=\"Guia OESP jazz - Ithamara Koorax\"\/><\/a><\/div><\/div><\/div><div class=\"swiper-slide\"><div class=\"fusion-carousel-item-wrapper\"><div class=\"fusion-image-wrapper hover-type-zoomin\"><a data-rel=\"iLightbox[image_carousel_1]\" href=\"http:\/\/rosepepe.com.br\/acquerello\/wp-content\/uploads\/2015\/12\/layouts_ITERPA.jpg\" target=\"_self\"><img decoding=\"async\" src=\"http:\/\/rosepepe.com.br\/acquerello\/wp-content\/uploads\/2015\/12\/layouts_ITERPA.jpg\" alt=\"ITERPA\"\/><\/a><\/div><\/div><\/div><div class=\"swiper-slide\"><div class=\"fusion-carousel-item-wrapper\"><div class=\"fusion-image-wrapper hover-type-zoomin\"><a data-rel=\"iLightbox[image_carousel_1]\" href=\"http:\/\/rosepepe.com.br\/acquerello\/wp-content\/uploads\/2015\/12\/layouts_logo_INFORME.jpg\" target=\"_self\"><img decoding=\"async\" src=\"http:\/\/rosepepe.com.br\/acquerello\/wp-content\/uploads\/2015\/12\/layouts_logo_INFORME.jpg\" alt=\"Logotipo INFORME\"\/><\/a><\/div><\/div><\/div><div class=\"swiper-slide\"><div class=\"fusion-carousel-item-wrapper\"><div class=\"fusion-image-wrapper hover-type-zoomin\"><a data-rel=\"iLightbox[image_carousel_1]\" href=\"http:\/\/rosepepe.com.br\/acquerello\/wp-content\/uploads\/2015\/12\/layouts_logotipo_ceamazon.jpg\" target=\"_self\"><img decoding=\"async\" src=\"http:\/\/rosepepe.com.br\/acquerello\/wp-content\/uploads\/2015\/12\/layouts_logotipo_ceamazon.jpg\" alt=\"Logotipo Ceamazon\"\/><\/a><\/div><\/div><\/div><div class=\"swiper-slide\"><div class=\"fusion-carousel-item-wrapper\"><div class=\"fusion-image-wrapper hover-type-zoomin\"><a data-rel=\"iLightbox[image_carousel_1]\" href=\"http:\/\/rosepepe.com.br\/acquerello\/wp-content\/uploads\/2015\/12\/layouts_logotipo_ceamazon_fundo_preto.jpg\" target=\"_self\"><img decoding=\"async\" src=\"http:\/\/rosepepe.com.br\/acquerello\/wp-content\/uploads\/2015\/12\/layouts_logotipo_ceamazon_fundo_preto.jpg\" alt=\"Logotipo Ceamazon\"\/><\/a><\/div><\/div><\/div><div class=\"swiper-slide\"><div class=\"fusion-carousel-item-wrapper\"><div class=\"fusion-image-wrapper hover-type-zoomin\"><a data-rel=\"iLightbox[image_carousel_1]\" href=\"http:\/\/rosepepe.com.br\/acquerello\/wp-content\/uploads\/2015\/12\/layouts_mc_fa\u00e7a.jpg\" target=\"_self\"><img decoding=\"async\" src=\"http:\/\/rosepepe.com.br\/acquerello\/wp-content\/uploads\/2015\/12\/layouts_mc_fa\u00e7a.jpg\" alt=\"mc Fa\u00e7a\"\/><\/a><\/div><\/div><\/div><div class=\"swiper-slide\"><div class=\"fusion-carousel-item-wrapper\"><div class=\"fusion-image-wrapper hover-type-zoomin\"><a data-rel=\"iLightbox[image_carousel_1]\" href=\"http:\/\/rosepepe.com.br\/acquerello\/wp-content\/uploads\/2015\/12\/layouts_onibus_catalendas_licenciamentos.jpg\" target=\"_self\"><img decoding=\"async\" src=\"http:\/\/rosepepe.com.br\/acquerello\/wp-content\/uploads\/2015\/12\/layouts_onibus_catalendas_licenciamentos.jpg\" alt=\"\u00d4nibus Catalendas\"\/><\/a><\/div><\/div><\/div><div class=\"swiper-slide\"><div class=\"fusion-carousel-item-wrapper\"><div class=\"fusion-image-wrapper hover-type-zoomin\"><a data-rel=\"iLightbox[image_carousel_1]\" href=\"http:\/\/rosepepe.com.br\/acquerello\/wp-content\/uploads\/2015\/12\/layouts_programa\u00e7\u00e3o_TV_Cultura_do_Para.jpg\" target=\"_self\"><img decoding=\"async\" src=\"http:\/\/rosepepe.com.br\/acquerello\/wp-content\/uploads\/2015\/12\/layouts_programa\u00e7\u00e3o_TV_Cultura_do_Para.jpg\" alt=\"Programa\u00e7\u00e3o TV Cultura do Par\u00e1\"\/><\/a><\/div><\/div><\/div><div class=\"swiper-slide\"><div class=\"fusion-carousel-item-wrapper\"><div class=\"fusion-image-wrapper hover-type-zoomin\"><a data-rel=\"iLightbox[image_carousel_1]\" href=\"http:\/\/rosepepe.com.br\/acquerello\/wp-content\/uploads\/2015\/12\/layouts_rede.jpg\" target=\"_self\"><img decoding=\"async\" src=\"http:\/\/rosepepe.com.br\/acquerello\/wp-content\/uploads\/2015\/12\/layouts_rede.jpg\" alt=\"Rede - pesquisa em energia renov\u00e1vel e efici\u00eancia energ\u00e9tica\"\/><\/a><\/div><\/div><\/div><div class=\"swiper-slide\"><div class=\"fusion-carousel-item-wrapper\"><div class=\"fusion-image-wrapper hover-type-zoomin\"><a data-rel=\"iLightbox[image_carousel_1]\" href=\"http:\/\/rosepepe.com.br\/acquerello\/wp-content\/uploads\/2015\/12\/layouts_revista_bravo_2004.jpg\" target=\"_self\"><img decoding=\"async\" src=\"http:\/\/rosepepe.com.br\/acquerello\/wp-content\/uploads\/2015\/12\/layouts_revista_bravo_2004.jpg\" alt=\"Revista Bravo 2004\"\/><\/a><\/div><\/div><\/div><div class=\"swiper-slide\"><div class=\"fusion-carousel-item-wrapper\"><div class=\"fusion-image-wrapper hover-type-zoomin\"><a data-rel=\"iLightbox[image_carousel_1]\" href=\"http:\/\/rosepepe.com.br\/acquerello\/wp-content\/uploads\/2015\/12\/layouts_revista_bravo_2005.jpg\" target=\"_self\"><img decoding=\"async\" src=\"http:\/\/rosepepe.com.br\/acquerello\/wp-content\/uploads\/2015\/12\/layouts_revista_bravo_2005.jpg\" alt=\"Revista Bravo 2005\"\/><\/a><\/div><\/div><\/div><div class=\"swiper-slide\"><div class=\"fusion-carousel-item-wrapper\"><div class=\"fusion-image-wrapper hover-type-zoomin\"><a data-rel=\"iLightbox[image_carousel_1]\" href=\"http:\/\/rosepepe.com.br\/acquerello\/wp-content\/uploads\/2015\/12\/layouts_revista_concerto_banda-sinfonica2004.jpg\" target=\"_self\"><img decoding=\"async\" src=\"http:\/\/rosepepe.com.br\/acquerello\/wp-content\/uploads\/2015\/12\/layouts_revista_concerto_banda-sinfonica2004.jpg\" alt=\"Revista Concerto - Banda Sinf\u00f4nica 2004\"\/><\/a><\/div><\/div><\/div><div class=\"swiper-slide\"><div class=\"fusion-carousel-item-wrapper\"><div class=\"fusion-image-wrapper hover-type-zoomin\"><a data-rel=\"iLightbox[image_carousel_1]\" href=\"http:\/\/rosepepe.com.br\/acquerello\/wp-content\/uploads\/2015\/12\/layouts_revista_concerto_jazz_sinfonica2004.jpg\" target=\"_self\"><img decoding=\"async\" src=\"http:\/\/rosepepe.com.br\/acquerello\/wp-content\/uploads\/2015\/12\/layouts_revista_concerto_jazz_sinfonica2004.jpg\" alt=\"Revista Concerto - Jazz Sinf\u00f4nica 2004\"\/><\/a><\/div><\/div><\/div><div class=\"swiper-slide\"><div class=\"fusion-carousel-item-wrapper\"><div class=\"fusion-image-wrapper hover-type-zoomin\"><a data-rel=\"iLightbox[image_carousel_1]\" href=\"http:\/\/rosepepe.com.br\/acquerello\/wp-content\/uploads\/2015\/12\/layouts_selo_Colecao_Francisco_Costa.jpg\" target=\"_self\"><img decoding=\"async\" src=\"http:\/\/rosepepe.com.br\/acquerello\/wp-content\/uploads\/2015\/12\/layouts_selo_Colecao_Francisco_Costa.jpg\" alt=\"Selo Cole\u00e7\u00e3o Economia Pol\u00edtica da Amaz\u00f4nia\"\/><\/a><\/div><\/div><\/div><div class=\"swiper-slide\"><div class=\"fusion-carousel-item-wrapper\"><div class=\"fusion-image-wrapper hover-type-zoomin\"><a data-rel=\"iLightbox[image_carousel_1]\" href=\"http:\/\/rosepepe.com.br\/acquerello\/wp-content\/uploads\/2015\/12\/layouts_selo_coral_25anos.jpg\" target=\"_self\"><img decoding=\"async\" src=\"http:\/\/rosepepe.com.br\/acquerello\/wp-content\/uploads\/2015\/12\/layouts_selo_coral_25anos.jpg\" alt=\"Selo Coral do Estado de S\u00e3o Paulo 25anos\"\/><\/a><\/div><\/div><\/div><div class=\"swiper-slide\"><div class=\"fusion-carousel-item-wrapper\"><div class=\"fusion-image-wrapper hover-type-zoomin\"><a data-rel=\"iLightbox[image_carousel_1]\" href=\"http:\/\/rosepepe.com.br\/acquerello\/wp-content\/uploads\/2015\/12\/layouts_selo_TV_Digital.jpg\" target=\"_self\"><img decoding=\"async\" src=\"http:\/\/rosepepe.com.br\/acquerello\/wp-content\/uploads\/2015\/12\/layouts_selo_TV_Digital.jpg\" alt=\"Selo TV Digital\"\/><\/a><\/div><\/div><\/div><\/div><div class=\"awb-swiper-button awb-swiper-button-prev\"><i class=\"awb-icon-angle-left\" aria-hidden=\"true\"><\/i><\/div><div class=\"awb-swiper-button awb-swiper-button-next\"><i class=\"awb-icon-angle-right\" aria-hidden=\"true\"><\/i><\/div><\/div><\/div><div class=\"fusion-clearfix\"><\/div><\/div><\/div><\/div><\/div>\n","protected":false},"excerpt":{"rendered":"","protected":false},"author":1,"featured_media":0,"parent":0,"menu_order":0,"comment_status":"closed","ping_status":"closed","template":"","meta":{"footnotes":""},"class_list":["post-74","page","type-page","status-publish","hentry"],"_links":{"self":[{"href":"https:\/\/rosepepe.com.br\/acquerello\/wp-json\/wp\/v2\/pages\/74","targetHints":{"allow":["GET"]}}],"collection":[{"href":"https:\/\/rosepepe.com.br\/acquerello\/wp-json\/wp\/v2\/pages"}],"about":[{"href":"https:\/\/rosepepe.com.br\/acquerello\/wp-json\/wp\/v2\/types\/page"}],"author":[{"embeddable":true,"href":"https:\/\/rosepepe.com.br\/acquerello\/wp-json\/wp\/v2\/users\/1"}],"replies":[{"embeddable":true,"href":"https:\/\/rosepepe.com.br\/acquerello\/wp-json\/wp\/v2\/comments?post=74"}],"version-history":[{"count":11,"href":"https:\/\/rosepepe.com.br\/acquerello\/wp-json\/wp\/v2\/pages\/74\/revisions"}],"predecessor-version":[{"id":1579,"href":"https:\/\/rosepepe.com.br\/acquerello\/wp-json\/wp\/v2\/pages\/74\/revisions\/1579"}],"wp:attachment":[{"href":"https:\/\/rosepepe.com.br\/acquerello\/wp-json\/wp\/v2\/media?parent=74"}],"curies":[{"name":"wp","href":"https:\/\/api.w.org\/{rel}","templated":true}]}}