{"id":1642,"date":"2025-07-16T16:05:15","date_gmt":"2025-07-16T19:05:15","guid":{"rendered":"https:\/\/rosepepe.com.br\/acquerello\/?page_id=1642"},"modified":"2025-07-16T16:43:01","modified_gmt":"2025-07-16T19:43:01","slug":"compos","status":"publish","type":"page","link":"https:\/\/rosepepe.com.br\/acquerello\/compos\/","title":{"rendered":"COMP\u00d3S"},"content":{"rendered":"<p><div class=\"fusion-fullwidth fullwidth-box fusion-builder-row-1 fusion-flex-container nonhundred-percent-fullwidth non-hundred-percent-height-scrolling\" style=\"--awb-border-radius-top-left:0px;--awb-border-radius-top-right:0px;--awb-border-radius-bottom-right:0px;--awb-border-radius-bottom-left:0px;--awb-flex-wrap:wrap;\" ><div class=\"fusion-builder-row fusion-row fusion-flex-align-items-flex-start fusion-flex-content-wrap\" style=\"max-width:1144px;margin-left: calc(-4% \/ 2 );margin-right: calc(-4% \/ 2 );\"><div class=\"fusion-layout-column fusion_builder_column fusion-builder-column-0 fusion_builder_column_1_1 1_1 fusion-flex-column\" style=\"--awb-bg-size:cover;--awb-width-large:100%;--awb-margin-top-large:0px;--awb-spacing-right-large:1.92%;--awb-margin-bottom-large:0px;--awb-spacing-left-large:1.92%;--awb-width-medium:100%;--awb-spacing-right-medium:1.92%;--awb-spacing-left-medium:1.92%;--awb-width-small:100%;--awb-spacing-right-small:1.92%;--awb-spacing-left-small:1.92%;\"><div class=\"fusion-column-wrapper fusion-flex-justify-content-flex-start fusion-content-layout-column\"><div class=\"fusion-text fusion-text-1\"><h2><b>23\u00ba COMP\u00d3S<\/b><\/h2>\n<\/div><div class=\"fusion-image-carousel fusion-image-carousel-auto fusion-image-carousel-1 lightbox-enabled fusion-carousel-border\"><div class=\"awb-carousel awb-swiper awb-swiper-carousel awb-swiper-dots-position-bottom awb-carousel--carousel\" data-layout=\"carousel\" data-autoplay=\"no\" data-autoplayspeed=\"2500\" data-autoplaypause=\"no\" data-columns=\"5\" data-itemmargin=\"13\" data-itemwidth=\"180\" data-touchscroll=\"no\" data-freemode=\"no\" data-imagesize=\"auto\" data-scrollitems=\"0\" data-centeredslides=\"no\" data-rotationangle=\"50\" data-depth=\"100\" data-speed=\"500\" data-shadow=\"no\" style=\"--awb-border-width:1px;--awb-border-color:#e9eaee;\"><div class=\"swiper-wrapper awb-image-carousel-wrapper fusion-flex-align-items-center\"><div class=\"swiper-slide\"><div class=\"fusion-carousel-item-wrapper\"><div class=\"fusion-image-wrapper hover-type-zoomin\"><a data-rel=\"iLightbox[image_carousel_1]\" href=\"http:\/\/rosepepe.com.br\/acquerello\/wp-content\/uploads\/2015\/11\/pv_compos_bloquinho.jpg\" target=\"_self\"><img decoding=\"async\" src=\"http:\/\/rosepepe.com.br\/acquerello\/wp-content\/uploads\/2015\/11\/pv_compos_bloquinho.jpg\" alt=\"Bloquinho\"\/><\/a><\/div><\/div><\/div><div class=\"swiper-slide\"><div class=\"fusion-carousel-item-wrapper\"><div class=\"fusion-image-wrapper hover-type-zoomin\"><a data-rel=\"iLightbox[image_carousel_1]\" href=\"http:\/\/rosepepe.com.br\/acquerello\/wp-content\/uploads\/2015\/11\/pv_compos_capa_programa_bolso.jpg\" target=\"_self\"><img decoding=\"async\" src=\"http:\/\/rosepepe.com.br\/acquerello\/wp-content\/uploads\/2015\/11\/pv_compos_capa_programa_bolso.jpg\" alt=\"Capa Programa de bolso\"\/><\/a><\/div><\/div><\/div><div class=\"swiper-slide\"><div class=\"fusion-carousel-item-wrapper\"><div class=\"fusion-image-wrapper hover-type-zoomin\"><a data-rel=\"iLightbox[image_carousel_1]\" href=\"http:\/\/rosepepe.com.br\/acquerello\/wp-content\/uploads\/2015\/11\/pv_compos_capinha_DVD.jpg\" target=\"_self\"><img decoding=\"async\" src=\"http:\/\/rosepepe.com.br\/acquerello\/wp-content\/uploads\/2015\/11\/pv_compos_capinha_DVD.jpg\" alt=\"Capinha DVD\"\/><\/a><\/div><\/div><\/div><div class=\"swiper-slide\"><div class=\"fusion-carousel-item-wrapper\"><div class=\"fusion-image-wrapper hover-type-zoomin\"><a data-rel=\"iLightbox[image_carousel_1]\" href=\"http:\/\/rosepepe.com.br\/acquerello\/wp-content\/uploads\/2015\/11\/pv_compos_compos_logotipo_2014.jpg\" target=\"_self\"><img decoding=\"async\" src=\"http:\/\/rosepepe.com.br\/acquerello\/wp-content\/uploads\/2015\/11\/pv_compos_compos_logotipo_2014.jpg\" alt=\"Logotipo 2014\"\/><\/a><\/div><\/div><\/div><div class=\"swiper-slide\"><div class=\"fusion-carousel-item-wrapper\"><div class=\"fusion-image-wrapper hover-type-zoomin\"><a data-rel=\"iLightbox[image_carousel_1]\" href=\"http:\/\/rosepepe.com.br\/acquerello\/wp-content\/uploads\/2015\/11\/pv_compos_convite_impresso_eletr\u00f4nico.jpg\" target=\"_self\"><img decoding=\"async\" src=\"http:\/\/rosepepe.com.br\/acquerello\/wp-content\/uploads\/2015\/11\/pv_compos_convite_impresso_eletr\u00f4nico.jpg\" alt=\"Convite Impresso e eletr\u00f4nico\"\/><\/a><\/div><\/div><\/div><div class=\"swiper-slide\"><div class=\"fusion-carousel-item-wrapper\"><div class=\"fusion-image-wrapper hover-type-zoomin\"><a data-rel=\"iLightbox[image_carousel_1]\" href=\"http:\/\/rosepepe.com.br\/acquerello\/wp-content\/uploads\/2015\/11\/pv_compos_cracha.jpg\" target=\"_self\"><img decoding=\"async\" src=\"http:\/\/rosepepe.com.br\/acquerello\/wp-content\/uploads\/2015\/11\/pv_compos_cracha.jpg\" alt=\"Crach\u00e1\"\/><\/a><\/div><\/div><\/div><div class=\"swiper-slide\"><div class=\"fusion-carousel-item-wrapper\"><div class=\"fusion-image-wrapper hover-type-zoomin\"><a data-rel=\"iLightbox[image_carousel_1]\" href=\"http:\/\/rosepepe.com.br\/acquerello\/wp-content\/uploads\/2015\/11\/pv_compos_layout_site_home.jpg\" target=\"_self\"><img decoding=\"async\" src=\"http:\/\/rosepepe.com.br\/acquerello\/wp-content\/uploads\/2015\/11\/pv_compos_layout_site_home.jpg\" alt=\"Layout site home\"\/><\/a><\/div><\/div><\/div><div class=\"swiper-slide\"><div class=\"fusion-carousel-item-wrapper\"><div class=\"fusion-image-wrapper hover-type-zoomin\"><a data-rel=\"iLightbox[image_carousel_1]\" href=\"http:\/\/rosepepe.com.br\/acquerello\/wp-content\/uploads\/2015\/11\/pv_compos_layout_site_interna.jpg\" target=\"_self\"><img decoding=\"async\" src=\"http:\/\/rosepepe.com.br\/acquerello\/wp-content\/uploads\/2015\/11\/pv_compos_layout_site_interna.jpg\" alt=\"Layout site home\"\/><\/a><\/div><\/div><\/div><div class=\"swiper-slide\"><div class=\"fusion-carousel-item-wrapper\"><div class=\"fusion-image-wrapper hover-type-zoomin\"><a data-rel=\"iLightbox[image_carousel_1]\" href=\"http:\/\/rosepepe.com.br\/acquerello\/wp-content\/uploads\/2015\/11\/pv_compos_pipas_teto.jpg\" target=\"_self\"><img decoding=\"async\" src=\"http:\/\/rosepepe.com.br\/acquerello\/wp-content\/uploads\/2015\/11\/pv_compos_pipas_teto.jpg\" alt=\"Pipas Teto\"\/><\/a><\/div><\/div><\/div><\/div><div class=\"awb-swiper-button awb-swiper-button-prev\"><i class=\"awb-icon-angle-left\" aria-hidden=\"true\"><\/i><\/div><div class=\"awb-swiper-button awb-swiper-button-next\"><i class=\"awb-icon-angle-right\" aria-hidden=\"true\"><\/i><\/div><\/div><\/div><\/div><\/div><\/div><\/div><div class=\"fusion-fullwidth fullwidth-box fusion-builder-row-2 fusion-flex-container nonhundred-percent-fullwidth non-hundred-percent-height-scrolling\" style=\"--awb-border-radius-top-left:0px;--awb-border-radius-top-right:0px;--awb-border-radius-bottom-right:0px;--awb-border-radius-bottom-left:0px;--awb-flex-wrap:wrap;\" ><div class=\"fusion-builder-row fusion-row fusion-flex-align-items-flex-start fusion-flex-content-wrap\" style=\"max-width:1144px;margin-left: calc(-4% \/ 2 );margin-right: calc(-4% \/ 2 );\"><div class=\"fusion-layout-column fusion_builder_column fusion-builder-column-1 fusion_builder_column_1_1 1_1 fusion-flex-column\" style=\"--awb-bg-size:cover;--awb-width-large:100%;--awb-margin-top-large:0px;--awb-spacing-right-large:1.92%;--awb-margin-bottom-large:0px;--awb-spacing-left-large:1.92%;--awb-width-medium:100%;--awb-spacing-right-medium:1.92%;--awb-spacing-left-medium:1.92%;--awb-width-small:100%;--awb-spacing-right-small:1.92%;--awb-spacing-left-small:1.92%;\"><div class=\"fusion-column-wrapper fusion-flex-justify-content-flex-start fusion-content-layout-column\"><div class=\"fusion-text fusion-text-2\"><h2><b>Exposi\u00e7\u00e3o Cer\u00e2mica Marajoara<\/b><\/h2>\n<\/div><div class=\"fusion-image-carousel fusion-image-carousel-auto fusion-image-carousel-2 lightbox-enabled fusion-carousel-border\"><div class=\"awb-carousel awb-swiper awb-swiper-carousel awb-swiper-dots-position-bottom awb-carousel--carousel\" data-layout=\"carousel\" data-autoplay=\"no\" data-autoplayspeed=\"2500\" data-autoplaypause=\"no\" data-columns=\"4\" data-itemmargin=\"13\" data-itemwidth=\"180\" data-touchscroll=\"no\" data-freemode=\"no\" data-imagesize=\"auto\" data-scrollitems=\"0\" data-centeredslides=\"no\" data-rotationangle=\"50\" data-depth=\"100\" data-speed=\"500\" data-shadow=\"no\" style=\"--awb-columns:4;--awb-border-width:1px;--awb-border-color:#e9eaee;\"><div class=\"swiper-wrapper awb-image-carousel-wrapper fusion-flex-align-items-center\"><div class=\"swiper-slide\"><div class=\"fusion-carousel-item-wrapper\"><div class=\"fusion-image-wrapper hover-type-zoomin\"><a data-rel=\"iLightbox[image_carousel_2]\" href=\"http:\/\/rosepepe.com.br\/acquerello\/wp-content\/uploads\/2015\/11\/pv_compos_expo_banner_01.jpg\" target=\"_self\"><img decoding=\"async\" src=\"http:\/\/rosepepe.com.br\/acquerello\/wp-content\/uploads\/2015\/11\/pv_compos_expo_banner_01.jpg\" alt=\"Banner 01\"\/><\/a><\/div><\/div><\/div><div class=\"swiper-slide\"><div class=\"fusion-carousel-item-wrapper\"><div class=\"fusion-image-wrapper hover-type-zoomin\"><a data-rel=\"iLightbox[image_carousel_2]\" href=\"http:\/\/rosepepe.com.br\/acquerello\/wp-content\/uploads\/2015\/11\/pv_compos_expo_banner_02.jpg\" target=\"_self\"><img decoding=\"async\" src=\"http:\/\/rosepepe.com.br\/acquerello\/wp-content\/uploads\/2015\/11\/pv_compos_expo_banner_02.jpg\" alt=\"Banner 02\"\/><\/a><\/div><\/div><\/div><div class=\"swiper-slide\"><div class=\"fusion-carousel-item-wrapper\"><div class=\"fusion-image-wrapper hover-type-zoomin\"><a data-rel=\"iLightbox[image_carousel_2]\" href=\"http:\/\/rosepepe.com.br\/acquerello\/wp-content\/uploads\/2015\/11\/pv_compos_expo_banner_03.jpg\" target=\"_self\"><img decoding=\"async\" src=\"http:\/\/rosepepe.com.br\/acquerello\/wp-content\/uploads\/2015\/11\/pv_compos_expo_banner_03.jpg\" alt=\"Banner 03\"\/><\/a><\/div><\/div><\/div><div class=\"swiper-slide\"><div class=\"fusion-carousel-item-wrapper\"><div class=\"fusion-image-wrapper hover-type-zoomin\"><a data-rel=\"iLightbox[image_carousel_2]\" href=\"http:\/\/rosepepe.com.br\/acquerello\/wp-content\/uploads\/2015\/11\/pv_compos_expo_banner_04.jpg\" target=\"_self\"><img decoding=\"async\" src=\"http:\/\/rosepepe.com.br\/acquerello\/wp-content\/uploads\/2015\/11\/pv_compos_expo_banner_04.jpg\" alt=\"\"\/><\/a><\/div><\/div><\/div><div class=\"swiper-slide\"><div class=\"fusion-carousel-item-wrapper\"><div class=\"fusion-image-wrapper hover-type-zoomin\"><a data-rel=\"iLightbox[image_carousel_2]\" href=\"http:\/\/rosepepe.com.br\/acquerello\/wp-content\/uploads\/2015\/11\/pv_compos_expo_DSC09781.jpg\" target=\"_self\"><img decoding=\"async\" src=\"http:\/\/rosepepe.com.br\/acquerello\/wp-content\/uploads\/2015\/11\/pv_compos_expo_DSC09781.jpg\" alt=\"Exposi\u00e7\u00e3o\"\/><\/a><\/div><\/div><\/div><div class=\"swiper-slide\"><div class=\"fusion-carousel-item-wrapper\"><div class=\"fusion-image-wrapper hover-type-zoomin\"><a data-rel=\"iLightbox[image_carousel_2]\" href=\"http:\/\/rosepepe.com.br\/acquerello\/wp-content\/uploads\/2015\/11\/pv_compos_expo_DSC09808.jpg\" target=\"_self\"><img decoding=\"async\" src=\"http:\/\/rosepepe.com.br\/acquerello\/wp-content\/uploads\/2015\/11\/pv_compos_expo_DSC09808.jpg\" alt=\"Exposi\u00e7\u00e3o\"\/><\/a><\/div><\/div><\/div><div class=\"swiper-slide\"><div class=\"fusion-carousel-item-wrapper\"><div class=\"fusion-image-wrapper hover-type-zoomin\"><a data-rel=\"iLightbox[image_carousel_2]\" href=\"http:\/\/rosepepe.com.br\/acquerello\/wp-content\/uploads\/2015\/11\/pv_compos_expo_DSC09925.jpg\" target=\"_self\"><img decoding=\"async\" src=\"http:\/\/rosepepe.com.br\/acquerello\/wp-content\/uploads\/2015\/11\/pv_compos_expo_DSC09925.jpg\" alt=\"Exposi\u00e7\u00e3o\"\/><\/a><\/div><\/div><\/div><div class=\"swiper-slide\"><div class=\"fusion-carousel-item-wrapper\"><div class=\"fusion-image-wrapper hover-type-zoomin\"><a data-rel=\"iLightbox[image_carousel_2]\" href=\"http:\/\/rosepepe.com.br\/acquerello\/wp-content\/uploads\/2015\/11\/pv_compos_expo_painel_01.jpg\" target=\"_self\"><img decoding=\"async\" src=\"http:\/\/rosepepe.com.br\/acquerello\/wp-content\/uploads\/2015\/11\/pv_compos_expo_painel_01.jpg\" alt=\"Painel 01\"\/><\/a><\/div><\/div><\/div><div class=\"swiper-slide\"><div class=\"fusion-carousel-item-wrapper\"><div class=\"fusion-image-wrapper hover-type-zoomin\"><a data-rel=\"iLightbox[image_carousel_2]\" href=\"http:\/\/rosepepe.com.br\/acquerello\/wp-content\/uploads\/2015\/11\/pv_compos_expo_painel_02.jpg\" target=\"_self\"><img decoding=\"async\" src=\"http:\/\/rosepepe.com.br\/acquerello\/wp-content\/uploads\/2015\/11\/pv_compos_expo_painel_02.jpg\" alt=\"Painel 02\"\/><\/a><\/div><\/div><\/div><div class=\"swiper-slide\"><div class=\"fusion-carousel-item-wrapper\"><div class=\"fusion-image-wrapper hover-type-zoomin\"><a data-rel=\"iLightbox[image_carousel_2]\" href=\"http:\/\/rosepepe.com.br\/acquerello\/wp-content\/uploads\/2015\/11\/pv_compos_expo_painel_03.jpg\" target=\"_self\"><img decoding=\"async\" src=\"http:\/\/rosepepe.com.br\/acquerello\/wp-content\/uploads\/2015\/11\/pv_compos_expo_painel_03.jpg\" alt=\"Painel 03\"\/><\/a><\/div><\/div><\/div><div class=\"swiper-slide\"><div class=\"fusion-carousel-item-wrapper\"><div class=\"fusion-image-wrapper hover-type-zoomin\"><a data-rel=\"iLightbox[image_carousel_2]\" href=\"http:\/\/rosepepe.com.br\/acquerello\/wp-content\/uploads\/2015\/11\/pv_compos_expo_painel_04.jpg\" target=\"_self\"><img decoding=\"async\" src=\"http:\/\/rosepepe.com.br\/acquerello\/wp-content\/uploads\/2015\/11\/pv_compos_expo_painel_04.jpg\" alt=\"Painel 04\"\/><\/a><\/div><\/div><\/div><div class=\"swiper-slide\"><div class=\"fusion-carousel-item-wrapper\"><div class=\"fusion-image-wrapper hover-type-zoomin\"><a data-rel=\"iLightbox[image_carousel_2]\" href=\"http:\/\/rosepepe.com.br\/acquerello\/wp-content\/uploads\/2015\/11\/pv_compos_expo_painel_05.jpg\" target=\"_self\"><img decoding=\"async\" src=\"http:\/\/rosepepe.com.br\/acquerello\/wp-content\/uploads\/2015\/11\/pv_compos_expo_painel_05.jpg\" alt=\"Painel 05\"\/><\/a><\/div><\/div><\/div><div class=\"swiper-slide\"><div class=\"fusion-carousel-item-wrapper\"><div class=\"fusion-image-wrapper hover-type-zoomin\"><a data-rel=\"iLightbox[image_carousel_2]\" href=\"http:\/\/rosepepe.com.br\/acquerello\/wp-content\/uploads\/2015\/11\/pv_compos_expo_painel_06.jpg\" target=\"_self\"><img decoding=\"async\" src=\"http:\/\/rosepepe.com.br\/acquerello\/wp-content\/uploads\/2015\/11\/pv_compos_expo_painel_06.jpg\" alt=\"Painel 06\"\/><\/a><\/div><\/div><\/div><div class=\"swiper-slide\"><div class=\"fusion-carousel-item-wrapper\"><div class=\"fusion-image-wrapper hover-type-zoomin\"><a data-rel=\"iLightbox[image_carousel_2]\" href=\"http:\/\/rosepepe.com.br\/acquerello\/wp-content\/uploads\/2015\/11\/pv_compos_expo_painel_07.jpg\" target=\"_self\"><img decoding=\"async\" src=\"http:\/\/rosepepe.com.br\/acquerello\/wp-content\/uploads\/2015\/11\/pv_compos_expo_painel_07.jpg\" alt=\"Painel 07\"\/><\/a><\/div><\/div><\/div><div class=\"swiper-slide\"><div class=\"fusion-carousel-item-wrapper\"><div class=\"fusion-image-wrapper hover-type-zoomin\"><a data-rel=\"iLightbox[image_carousel_2]\" href=\"http:\/\/rosepepe.com.br\/acquerello\/wp-content\/uploads\/2015\/11\/pv_compos_expo_painel_08.jpg\" target=\"_self\"><img decoding=\"async\" src=\"http:\/\/rosepepe.com.br\/acquerello\/wp-content\/uploads\/2015\/11\/pv_compos_expo_painel_08.jpg\" alt=\"Painel 07\"\/><\/a><\/div><\/div><\/div><div class=\"swiper-slide\"><div class=\"fusion-carousel-item-wrapper\"><div class=\"fusion-image-wrapper hover-type-zoomin\"><a data-rel=\"iLightbox[image_carousel_2]\" href=\"http:\/\/rosepepe.com.br\/acquerello\/wp-content\/uploads\/2015\/11\/pv_compos_expo_painel_09.jpg\" target=\"_self\"><img decoding=\"async\" src=\"http:\/\/rosepepe.com.br\/acquerello\/wp-content\/uploads\/2015\/11\/pv_compos_expo_painel_09.jpg\" alt=\"Painel 09\"\/><\/a><\/div><\/div><\/div><div class=\"swiper-slide\"><div class=\"fusion-carousel-item-wrapper\"><div class=\"fusion-image-wrapper hover-type-zoomin\"><a data-rel=\"iLightbox[image_carousel_2]\" href=\"http:\/\/rosepepe.com.br\/acquerello\/wp-content\/uploads\/2015\/11\/pv_compos_expo_painel_10.jpg\" target=\"_self\"><img decoding=\"async\" src=\"http:\/\/rosepepe.com.br\/acquerello\/wp-content\/uploads\/2015\/11\/pv_compos_expo_painel_10.jpg\" alt=\"Painel 10\"\/><\/a><\/div><\/div><\/div><div class=\"swiper-slide\"><div class=\"fusion-carousel-item-wrapper\"><div class=\"fusion-image-wrapper hover-type-zoomin\"><a data-rel=\"iLightbox[image_carousel_2]\" href=\"http:\/\/rosepepe.com.br\/acquerello\/wp-content\/uploads\/2015\/11\/pv_compos_expo_painel_convite.jpg\" target=\"_self\"><img decoding=\"async\" src=\"http:\/\/rosepepe.com.br\/acquerello\/wp-content\/uploads\/2015\/11\/pv_compos_expo_painel_convite.jpg\" alt=\"Painel Convite\"\/><\/a><\/div><\/div><\/div><\/div><div class=\"awb-swiper-button awb-swiper-button-prev\"><i class=\"awb-icon-angle-left\" aria-hidden=\"true\"><\/i><\/div><div class=\"awb-swiper-button awb-swiper-button-next\"><i class=\"awb-icon-angle-right\" aria-hidden=\"true\"><\/i><\/div><\/div><\/div><div class=\"fusion-text fusion-text-3\"><h2><b>CD ROM \u2013 23\u00ba COMP\u00d3S<\/b><\/h2>\n<p><a href=\"https:\/\/rosepepe.com.br\/acquerello\/wp-content\/uploads\/2015\/11\/CDROM.rar\" target=\"_blank\"><\/a><\/p>\n<ul><a href=\"https:\/\/rosepepe.com.br\/acquerello\/wp-content\/uploads\/2015\/11\/CDROM.rar\" target=\"_blank\"><\/a><\/p>\n<li><a href=\"https:\/\/rosepepe.com.br\/acquerello\/wp-content\/uploads\/2015\/11\/CDROM.rar\" target=\"_blank\"><\/a><a href=\"https:\/\/rosepepe.com.br\/acquerello\/wp-content\/uploads\/2015\/11\/CDROM.rar\" target=\"_blank\">Download do arquivo rar (65MB)<\/a> (Windows)<\/li>\n<\/ul>\n<p style=\"padding-left: 40px;\">Pa<span style=\"letter-spacing: 0.195px; background-color: rgba(0, 0, 0, 0);\">ra assistir: ap\u00f3s extrair, executar o arquivo AutoRun.exetent Goes Here<\/span><\/p><\/p>\n<\/div><\/div><\/div><\/div><\/div><\/p>\n","protected":false},"excerpt":{"rendered":"","protected":false},"author":1,"featured_media":0,"parent":0,"menu_order":0,"comment_status":"closed","ping_status":"closed","template":"","meta":{"footnotes":""},"class_list":["post-1642","page","type-page","status-publish","hentry"],"_links":{"self":[{"href":"https:\/\/rosepepe.com.br\/acquerello\/wp-json\/wp\/v2\/pages\/1642","targetHints":{"allow":["GET"]}}],"collection":[{"href":"https:\/\/rosepepe.com.br\/acquerello\/wp-json\/wp\/v2\/pages"}],"about":[{"href":"https:\/\/rosepepe.com.br\/acquerello\/wp-json\/wp\/v2\/types\/page"}],"author":[{"embeddable":true,"href":"https:\/\/rosepepe.com.br\/acquerello\/wp-json\/wp\/v2\/users\/1"}],"replies":[{"embeddable":true,"href":"https:\/\/rosepepe.com.br\/acquerello\/wp-json\/wp\/v2\/comments?post=1642"}],"version-history":[{"count":7,"href":"https:\/\/rosepepe.com.br\/acquerello\/wp-json\/wp\/v2\/pages\/1642\/revisions"}],"predecessor-version":[{"id":1680,"href":"https:\/\/rosepepe.com.br\/acquerello\/wp-json\/wp\/v2\/pages\/1642\/revisions\/1680"}],"wp:attachment":[{"href":"https:\/\/rosepepe.com.br\/acquerello\/wp-json\/wp\/v2\/media?parent=1642"}],"curies":[{"name":"wp","href":"https:\/\/api.w.org\/{rel}","templated":true}]}}